{"id":66,"date":"2024-07-23T09:27:26","date_gmt":"2024-07-23T07:27:26","guid":{"rendered":"https:\/\/ksl-automation.com\/?page_id=66"},"modified":"2024-09-05T11:09:23","modified_gmt":"2024-09-05T09:09:23","slug":"impressum","status":"publish","type":"page","link":"https:\/\/ksl-automation.com\/en\/impressum\/","title":{"rendered":"Imprint"},"content":{"rendered":"<p>K.S.L. Automation S.\u00e0 r.l.<br>7, Zone Artisanale et Commerciale<br>L-9085 Ettelbruck<\/p>\n\n\n\n<p>Commercial register: B 120.293<br>Register court: 2080 Luxembourg<\/p>\n\n\n\n<h2 class=\"wp-block-heading\">Contact us<\/h2>\n\n\n\n<p>Phone: +352 26 87 00 10<br>Fax: +352 26 87 06 26<br>e-mail: <a href=\"mailto:info@ksl-automation.com\">info@ksl-automation.com<\/a><\/p>\n\n\n\n<h2 class=\"wp-block-heading\">EU dispute resolution<\/h2>\n\n\n\n<p>The European Commission provides a platform for online dispute resolution (OS): <a href=\"https:\/\/ec.europa.eu\/consumers\/odr\/\" target=\"_blank\" rel=\"noreferrer noopener\">https:\/\/ec.europa.eu\/consumers\/odr\/<\/a>.<br>You can find our e-mail address in the legal notice above.<\/p>\n\n\n\n<h2 class=\"wp-block-heading\">Consumer dispute resolution\/universal arbitration centre<\/h2>\n\n\n\n<p>We participate in a dispute resolution procedure before a consumer arbitration board. The universal arbitration board of the Zentrum f\u00fcr Schlichtung e.V., Stra\u00dfburger Stra\u00dfe 8, 77694 Kehl am Rhein (<a href=\"https:\/\/www.verbraucher-schlichter.de\" rel=\"noreferrer noopener\" target=\"_blank\">https:\/\/www.verbraucher-schlichter.de<\/a>).<\/p>","protected":false},"excerpt":{"rendered":"<p>K.S.L. Automation S.\u00e0 r.l.7, Zone Artisanale et CommercialeL-9085 Ettelbruck Commercial Register: B 120.293Court of Registration: 2080 Luxembourg Contact Phone: +352 26 87 00 10Telefax: +352 26 87 06 26Email: info@ksl-automation.com EU Dispute Resolution The European Commission provides a platform for online dispute resolution (OS): https:\/\/ec.europa.eu\/consumers\/odr\/.Unsere You can find our email address in the legal notice above. Consumer dispute resolution\/Universal arbitration board We participate in a dispute resolution procedure before a consumer arbitration board. [...]<\/p>","protected":false},"author":2,"featured_media":0,"parent":0,"menu_order":0,"comment_status":"closed","ping_status":"closed","template":"","meta":{"_acf_changed":false,"footnotes":""},"class_list":["post-66","page","type-page","status-publish","hentry"],"acf":[],"yoast_head":"<!-- This site is optimized with the Yoast SEO plugin v23.4 - https:\/\/yoast.com\/wordpress\/plugins\/seo\/ -->\n<title>Impressum - K.S.L Automation<\/title>\n<meta name=\"robots\" content=\"index, follow, max-snippet:-1, max-image-preview:large, max-video-preview:-1\" \/>\n<link rel=\"canonical\" href=\"https:\/\/ksl-automation.com\/en\/impressum\/\" \/>\n<meta property=\"og:locale\" content=\"en_GB\" \/>\n<meta property=\"og:type\" content=\"article\" \/>\n<meta property=\"og:title\" content=\"Impressum - K.S.L Automation\" \/>\n<meta property=\"og:description\" content=\"K.S.L. Automation S.\u00e0 r.l.7, Zone Artisanale et CommercialeL-9085 Ettelbruck Handelsregister: B 120.293Registergericht: 2080 Luxembourg Kontakt Telefon: +352 26 87 00 10Telefax: +352 26 87 06 26E-Mail: info@ksl-automation.com EU-Streitschlichtung Die Europ\u00e4ische Kommission stellt eine Plattform zur Online-Streitbeilegung (OS) bereit: https:\/\/ec.europa.eu\/consumers\/odr\/.Unsere E-Mail-Adresse finden Sie oben im Impressum. Verbraucher\u00adstreit\u00adbeilegung\/Universal\u00adschlichtungs\u00adstelle Wir nehmen an einem Streitbeilegungsverfahren vor einer Verbraucherschlichtungsstelle teil. [&hellip;]\" \/>\n<meta property=\"og:url\" content=\"https:\/\/ksl-automation.com\/en\/impressum\/\" \/>\n<meta property=\"og:site_name\" content=\"K.S.L Automation\" \/>\n<meta property=\"article:modified_time\" content=\"2024-09-05T09:09:23+00:00\" \/>\n<meta name=\"twitter:card\" content=\"summary_large_image\" \/>\n<meta name=\"twitter:label1\" content=\"Estimated reading time\" \/>\n\t<meta name=\"twitter:data1\" content=\"1 minute\" \/>\n<script type=\"application\/ld+json\" class=\"yoast-schema-graph\">{\"@context\":\"https:\/\/schema.org\",\"@graph\":[{\"@type\":\"WebPage\",\"@id\":\"https:\/\/ksl-automation.com\/impressum\/\",\"url\":\"https:\/\/ksl-automation.com\/impressum\/\",\"name\":\"Impressum - K.S.L Automation\",\"isPartOf\":{\"@id\":\"https:\/\/ksl-automation.com\/#website\"},\"datePublished\":\"2024-07-23T07:27:26+00:00\",\"dateModified\":\"2024-09-05T09:09:23+00:00\",\"breadcrumb\":{\"@id\":\"https:\/\/ksl-automation.com\/impressum\/#breadcrumb\"},\"inLanguage\":\"en-GB\",\"potentialAction\":[{\"@type\":\"ReadAction\",\"target\":[\"https:\/\/ksl-automation.com\/impressum\/\"]}]},{\"@type\":\"BreadcrumbList\",\"@id\":\"https:\/\/ksl-automation.com\/impressum\/#breadcrumb\",\"itemListElement\":[{\"@type\":\"ListItem\",\"position\":1,\"name\":\"Home\",\"item\":\"https:\/\/ksl-automation.com\/\"},{\"@type\":\"ListItem\",\"position\":2,\"name\":\"Impressum\"}]},{\"@type\":\"WebSite\",\"@id\":\"https:\/\/ksl-automation.com\/#website\",\"url\":\"https:\/\/ksl-automation.com\/\",\"name\":\"K.S.L Automation\",\"description\":\"\",\"potentialAction\":[{\"@type\":\"SearchAction\",\"target\":{\"@type\":\"EntryPoint\",\"urlTemplate\":\"https:\/\/ksl-automation.com\/?s={search_term_string}\"},\"query-input\":{\"@type\":\"PropertyValueSpecification\",\"valueRequired\":true,\"valueName\":\"search_term_string\"}}],\"inLanguage\":\"en-GB\"}]}<\/script>\n<!-- \/ Yoast SEO plugin. -->","yoast_head_json":{"title":"Impressum - K.S.L Automation","robots":{"index":"index","follow":"follow","max-snippet":"max-snippet:-1","max-image-preview":"max-image-preview:large","max-video-preview":"max-video-preview:-1"},"canonical":"https:\/\/ksl-automation.com\/en\/impressum\/","og_locale":"en_GB","og_type":"article","og_title":"Impressum - K.S.L Automation","og_description":"K.S.L. Automation S.\u00e0 r.l.7, Zone Artisanale et CommercialeL-9085 Ettelbruck Handelsregister: B 120.293Registergericht: 2080 Luxembourg Kontakt Telefon: +352 26 87 00 10Telefax: +352 26 87 06 26E-Mail: info@ksl-automation.com EU-Streitschlichtung Die Europ\u00e4ische Kommission stellt eine Plattform zur Online-Streitbeilegung (OS) bereit: https:\/\/ec.europa.eu\/consumers\/odr\/.Unsere E-Mail-Adresse finden Sie oben im Impressum. Verbraucher\u00adstreit\u00adbeilegung\/Universal\u00adschlichtungs\u00adstelle Wir nehmen an einem Streitbeilegungsverfahren vor einer Verbraucherschlichtungsstelle teil. [&hellip;]","og_url":"https:\/\/ksl-automation.com\/en\/impressum\/","og_site_name":"K.S.L Automation","article_modified_time":"2024-09-05T09:09:23+00:00","twitter_card":"summary_large_image","twitter_misc":{"Estimated reading time":"1 minute"},"schema":{"@context":"https:\/\/schema.org","@graph":[{"@type":"WebPage","@id":"https:\/\/ksl-automation.com\/impressum\/","url":"https:\/\/ksl-automation.com\/impressum\/","name":"Impressum - K.S.L Automation","isPartOf":{"@id":"https:\/\/ksl-automation.com\/#website"},"datePublished":"2024-07-23T07:27:26+00:00","dateModified":"2024-09-05T09:09:23+00:00","breadcrumb":{"@id":"https:\/\/ksl-automation.com\/impressum\/#breadcrumb"},"inLanguage":"en-GB","potentialAction":[{"@type":"ReadAction","target":["https:\/\/ksl-automation.com\/impressum\/"]}]},{"@type":"BreadcrumbList","@id":"https:\/\/ksl-automation.com\/impressum\/#breadcrumb","itemListElement":[{"@type":"ListItem","position":1,"name":"Home","item":"https:\/\/ksl-automation.com\/"},{"@type":"ListItem","position":2,"name":"Impressum"}]},{"@type":"WebSite","@id":"https:\/\/ksl-automation.com\/#website","url":"https:\/\/ksl-automation.com\/","name":"K.S.L Automation","description":"","potentialAction":[{"@type":"SearchAction","target":{"@type":"EntryPoint","urlTemplate":"https:\/\/ksl-automation.com\/?s={search_term_string}"},"query-input":{"@type":"PropertyValueSpecification","valueRequired":true,"valueName":"search_term_string"}}],"inLanguage":"en-GB"}]}},"_links":{"self":[{"href":"https:\/\/ksl-automation.com\/en\/wp-json\/wp\/v2\/pages\/66","targetHints":{"allow":["GET"]}}],"collection":[{"href":"https:\/\/ksl-automation.com\/en\/wp-json\/wp\/v2\/pages"}],"about":[{"href":"https:\/\/ksl-automation.com\/en\/wp-json\/wp\/v2\/types\/page"}],"author":[{"embeddable":true,"href":"https:\/\/ksl-automation.com\/en\/wp-json\/wp\/v2\/users\/2"}],"replies":[{"embeddable":true,"href":"https:\/\/ksl-automation.com\/en\/wp-json\/wp\/v2\/comments?post=66"}],"version-history":[{"count":5,"href":"https:\/\/ksl-automation.com\/en\/wp-json\/wp\/v2\/pages\/66\/revisions"}],"predecessor-version":[{"id":193,"href":"https:\/\/ksl-automation.com\/en\/wp-json\/wp\/v2\/pages\/66\/revisions\/193"}],"wp:attachment":[{"href":"https:\/\/ksl-automation.com\/en\/wp-json\/wp\/v2\/media?parent=66"}],"curies":[{"name":"wp","href":"https:\/\/api.w.org\/{rel}","templated":true}]}}